{"id":1278,"date":"2023-05-31T06:47:43","date_gmt":"2023-05-31T06:47:43","guid":{"rendered":"https:\/\/clos-saint-genest.fr\/?page_id=1278"},"modified":"2026-04-29T09:00:43","modified_gmt":"2026-04-29T09:00:43","slug":"liste-des-arbres-numerotes","status":"publish","type":"page","link":"https:\/\/clos-saint-genest.fr\/?page_id=1278","title":{"rendered":"Liste des arbres fruitiers"},"content":{"rendered":"<div class=\"pdfprnt-buttons pdfprnt-buttons-page pdfprnt-top-right\"><a href=\"https:\/\/clos-saint-genest.fr\/index.php?rest_route=%2Fwp%2Fv2%2Fpages%2F1278&print=pdf\" class=\"pdfprnt-button pdfprnt-button-pdf\" target=\"_blank\" ><img decoding=\"async\" src=\"https:\/\/clos-saint-genest.fr\/wp-content\/plugins\/pdf-print\/images\/pdf.png\" alt=\"image_pdf\" title=\"Afficher le PDF\" \/><\/a><a href=\"https:\/\/clos-saint-genest.fr\/index.php?rest_route=%2Fwp%2Fv2%2Fpages%2F1278&print=print\" class=\"pdfprnt-button pdfprnt-button-print\" target=\"_blank\" ><img decoding=\"async\" src=\"https:\/\/clos-saint-genest.fr\/wp-content\/plugins\/pdf-print\/images\/print.png\" alt=\"image_print\" title=\"Contenu imprim\u00e9\" \/><\/a><\/div>\n<p>Une partie de la collection des Vergers retrouv\u00e9s du Comminges (<a href=\"https:\/\/clos-saint-genest.fr\/wp-admin\/post.php?post=975&amp;action=edit\">plus d&rsquo;infos<\/a>)<\/p>\n\n\n\n<figure class=\"wp-block-table\"><table><tbody><tr><td>1<\/td><td><a href=\"https:\/\/clos-saint-genest.fr\/?p=569\">Tamarillo<\/a><\/td><td>Solanum<\/td><td>Serre<\/td><\/tr><tr><td>2<\/td><td><a href=\"https:\/\/clos-saint-genest.fr\/?p=556\">Citron \u2018Combava\u2019&nbsp;<\/a><\/td><td>Agrume<\/td><td>Serre<\/td><\/tr><tr><td>3<\/td><td><a href=\"https:\/\/clos-saint-genest.fr\/?p=507\">Citron Meyer<\/a><\/td><td>Agrume<\/td><td>Serre<\/td><\/tr><tr><td>4<\/td><td><a href=\"https:\/\/clos-saint-genest.fr\/?p=563\">Lime de Tahiti&nbsp;<\/a><\/td><td>Agrume<\/td><td>Serre<\/td><\/tr><tr><td>5<\/td><td><a href=\"https:\/\/clos-saint-genest.fr\/?p=566\">Oranger<\/a><\/td><td>Agrume<\/td><td>Serre<\/td><\/tr><tr><td>6<\/td><td><a href=\"https:\/\/clos-saint-genest.fr\/?p=551\">Citrus jambhiri \u2013 citron rugueux rustique<\/a><\/td><td>Agrume<\/td><td>Serre<\/td><\/tr><tr><td>7<\/td><td>Pomme de Mauvezin sur M9<\/td><td>Pommier<\/td><td>Haie Fran\u00e7oise<\/td><\/tr><tr><td>8<\/td><td>Nationale sur M9<\/td><td>Pommier<\/td><td>Haie Fran\u00e7oise<\/td><\/tr><tr><td>9<\/td><td>Court pendue rouge des Pyr\u00e9n\u00e9es sur M9<\/td><td>Pommier<\/td><td>Haie Fran\u00e7oise<\/td><\/tr><tr><td>10<\/td><td>? sur Cognassier<\/td><td>Poirier<\/td><td>Haie Fran\u00e7oise<\/td><\/tr><tr><td>11<\/td><td>Reinette blanche du Canada sur M9<\/td><td>Pommier<\/td><td>Haie Fran\u00e7oise<\/td><\/tr><tr><td>12<\/td><td><\/td><td>Poirier<\/td><td>Haie Fran\u00e7oise<\/td><\/tr><tr><td>13<\/td><td>Reine des reinettes ? Sur M9<\/td><td>Pommier<\/td><td>Haie Fran\u00e7oise<\/td><\/tr><tr><td>14<\/td><td>Beurr\u00e9e Clergeau sur Cognassier<\/td><td>Poirier<\/td><td>Haie Fran\u00e7oise<\/td><\/tr><tr><td>15<\/td><td>Saint Germaine sur M9<\/td><td>Pommier<\/td><td>Haie Fran\u00e7oise<\/td><\/tr><tr><td>16<\/td><td>Jeanne d\u2019Arc sur Cognassier<\/td><td>Poirier<\/td><td>Haie Fran\u00e7oise<\/td><\/tr><tr><td>17<\/td><td>Massoucade sur M9<\/td><td>Pommier<\/td><td>Haie Fran\u00e7oise<\/td><\/tr><tr><td>18<\/td><td>15 ao\u00fbt de Saleich sur M9<\/td><td>Pommier<\/td><td>Haie Fran\u00e7oise<\/td><\/tr><tr><td>19<\/td><td>Usta churria sur M106<\/td><td>Pommier<\/td><td>Potager haie ouest<\/td><\/tr><tr><td>20<\/td><td>Petit museau de li\u00e8vre sur M106<\/td><td>Pommier<\/td><td>Potager haie ouest<\/td><\/tr><tr><td>21<\/td><td>Pomme de fer sur M9<\/td><td>Pommier<\/td><td>Potager haie ouest<\/td><\/tr><tr><td>22<\/td><td>Redondelle 12 sur M106<\/td><td>Pommier<\/td><td>Potager haie ouest<\/td><\/tr><tr><td>23<\/td><td><\/td><td>Pommier<\/td><td>Potager haie sud<\/td><\/tr><tr><td>24<\/td><td>Elstar<\/td><td>Pommier<\/td><td>Potager haie sud<\/td><\/tr><tr><td>25<\/td><td>Madame Vert\u00e9 sur Cognassier<\/td><td>Poirier<\/td><td>Potager haie sud<\/td><\/tr><tr><td>26<\/td><td>Toureill\u00e8re sur M106<\/td><td>Pommier<\/td><td>Potager haie sud<\/td><\/tr><tr><td>27<\/td><td>Sucr\u00e9e de Montlu\u00e7on sur Cognassier<\/td><td>Poirier<\/td><td>Potager haie sud<\/td><\/tr><tr><td>28<\/td><td>Reinette dor\u00e9e sur M106<\/td><td>Pommier<\/td><td>Potager haie sud<\/td><\/tr><tr><td>29<\/td><td>Royal Gala<\/td><td>Pommier<\/td><td>Potager haie sud<\/td><\/tr><tr><td>30<\/td><td>Poire d\u2019hiver de L\u00e9cussan<\/td><td>Poirier<\/td><td>Potager haie sud<\/td><\/tr><tr><td>31<\/td><td>Poire ? de L\u00e9cussan<\/td><td>Poirier<\/td><td>Potager haie sud<\/td><\/tr><tr><td>32<\/td><td>Kaki pomme<\/td><td>Plaqueminier<\/td><td>Potager haie sud<\/td><\/tr><tr><td>33<\/td><td>Lime Karna Katha<\/td><td>Agrume<\/td><td>Verger pruniers<\/td><\/tr><tr><td>34<\/td><td>Yuzu de semis ()<\/td><td>Agrume<\/td><td>Verger pruniers<\/td><\/tr><tr><td>35<\/td><td>Citrange R\u00e9mo<\/td><td>Agrume<\/td><td>Verger pruniers<\/td><\/tr><tr><td>36<\/td><td>P\u00e9routel d\u2019Ural (branche nord) &amp; Saint Jean (Branche sud) sur Cognassier<\/td><td>Poirier<\/td><td>Verger pruniers<\/td><\/tr><tr><td>37<\/td><td>P\u00eache de vigne tardive St Laurent sur Myro<\/td><td>P\u00eacher<\/td><td>Verger pruniers<\/td><\/tr><tr><td>188<\/td><td>Reine des Vergers<\/td><td>P\u00eacher<\/td><td>Verger pruniers<\/td><\/tr><tr><td>38<\/td><td>Reine Claude d\u2019Oullins <\/td><td>Prunier<\/td><td>Verger pruniers<\/td><\/tr><tr><td>39<\/td><td>Reine Claude d\u2019Oullins<\/td><td>Prunier<\/td><td>Verger pruniers<\/td><\/tr><tr><td>40<\/td><td>Quetsche<\/td><td>Prunier<\/td><td>Verger pruniers<\/td><\/tr><tr><td>41<\/td><td>Secretau noire \/Myrobolan<\/td><td>Prunier<\/td><td>Verger pruniers<\/td><\/tr><tr><td>42<\/td><td>Coing rond de Sacou\u00e9<\/td><td>Cognassier<\/td><td>Verger pruniers<\/td><\/tr><tr><td>43<\/td><td>Marsoulas<\/td><td>Prunier<\/td><td>Sapentin<\/td><\/tr><tr><td>44<\/td><td>Crataegus pinnatifida \u2018Big Ball\u2019<\/td><td>Aub\u00e9pine<\/td><td>Sapentin<\/td><\/tr><tr><td>45<\/td><td><em>Canino (non greff\u00e9)<\/em>  <em>mort en 2024-25<\/em><\/td><td>Abricotier<\/td><td>Sapentin<\/td><\/tr><tr><td>46<\/td><td>Canino (non greff\u00e9)<\/td><td>Abricotier<\/td><td>Sapentin<\/td><\/tr><tr><td>47<\/td><td>Cognassier de Chine<\/td><td>Cognassier<\/td><td>Sapentin<\/td><\/tr><tr><td>48<\/td><td>Pistachier Peter\u2019s (m\u00e2le) remplac\u00e9 en janvier 2024<\/td><td>Pistachier<\/td><td>Sapentin<\/td><\/tr><tr><td>49<\/td><td>Pistachier Kerman (femelle) remplac\u00e9e en janvier 2025<\/td><td>Pistachier<\/td><td>Sapentin<\/td><\/tr><tr><td>50<\/td><td>Pistachier Kerman (femelle)<\/td><td>Pistachier<\/td><td>Sapentin<\/td><\/tr><tr><td>51<\/td><td>Fraise noire<\/td><td>Vigne<\/td><td>Sapentin<\/td><\/tr><tr><td>52<\/td><td>Petit museau de li\u00e8vre sur Franc<\/td><td>Pommier<\/td><td>Verger<\/td><\/tr><tr><td>53<\/td><td>Mirabelle de Nancy sur Myrobolan<\/td><td>Prunier<\/td><td>Verger<\/td><\/tr><tr><td>54<\/td><td>Douce N\u00e9ruque sur Franc<\/td><td>Pommier<\/td><td>Verger<\/td><\/tr><tr><td>55<\/td><td>M\u00fbrier Mojo Berry<\/td><td>Murier<\/td><td>Bassin<\/td><\/tr><tr><td>56<\/td><td>Poirier Cocomerina (chair rouge) sur cognassier d\u2019Angers<\/td><td>Poirier<\/td><td>Verger<\/td><\/tr><tr><td>198<\/td><td>Nectarine Fantasia<\/td><td>Nectarinier<\/td><td>Verger<\/td><\/tr><tr><td>199<\/td><td>Pomme Orange suisse sur M27 (PMLauent)<\/td><td>Pommier<\/td><td>Verger<\/td><\/tr><tr><td>57<\/td><td>Saint Jean (Conservatoire d\u2019Aquitaine) sur Franc<\/td><td>Pommier<\/td><td>Verger<\/td><\/tr><tr><td>58<\/td><td>Grosse Madeleine sur Franc<\/td><td>Pommier<\/td><td>Verger<\/td><\/tr><tr><td>59<\/td><td>Rouge du Roussillon<\/td><td>Abricotier<\/td><td>Verger<\/td><\/tr><tr><td>60<\/td><td>Madame Vert\u00e9 sur Cognassier (Chandelier)<\/td><td>Poire<\/td><td>Verger<\/td><\/tr><tr><td>61<\/td><td><a href=\"https:\/\/clos-saint-genest.fr\/?p=1322\">Poncirus trifolia (Citron \u00e9pineux)<\/a><\/td><td>Agrume<\/td><td>Labyrinthe c\u00f4t\u00e9 Est<\/td><\/tr><tr><td>62<\/td><td>Pommier colonnaire (Espiet) sur M27<\/td><td>Pommier<\/td><td>Labyrinthe c\u00f4t\u00e9 Est<\/td><\/tr><tr><td>63<\/td><td>Pomme d\u2019Enfer sur M27&nbsp;?<\/td><td>Pommier<\/td><td>Labyrinthe c\u00f4t\u00e9 Est<\/td><\/tr><tr><td>64<\/td><td>Pomme d\u2019Enfer sur M27&nbsp;?<\/td><td>Pommier<\/td><td>Labyrinthe c\u00f4t\u00e9 Est<\/td><\/tr><tr><td>65<\/td><td>Verte des Espiets sur M27<\/td><td>Pommier<\/td><td>Labyrinthe c\u00f4t\u00e9 Est<\/td><\/tr><tr><td>66<\/td><td>Pekacervenka sur M27 (pomme \u00e0 chair rouge)<\/td><td>Pommier<\/td><td>Labyrinthe c\u00f4t\u00e9 Est<\/td><\/tr><tr><td>67<\/td><td>Pekacervenka sur M27 (pomme \u00e0 chair rouge)<\/td><td>Pommier<\/td><td>Labyrinthe c\u00f4t\u00e9 Est<\/td><\/tr><tr><td>68<\/td><td>Red Devil sur M9 ( pomme \u00e0 chair rouge)<\/td><td>Pommier<\/td><td>Labyrinthe c\u00f4t\u00e9 Est<\/td><\/tr><tr><td>69<\/td><td>Saint Jean sur Quitte A<\/td><td>Poirier<\/td><td>Labyrinthe c\u00f4t\u00e9 Est<\/td><\/tr><tr><td>189<\/td><td>Pomme de Montsaun\u00e8s sur M27<\/td><td>Pommier<\/td><td>Labyrinthe c\u00f4t\u00e9 Est<\/td><\/tr><tr><td>70<\/td><td>Pomme de Montastruc sur M9<\/td><td>Pommier<\/td><td>Labyrinthe c\u00f4t\u00e9 Est<\/td><\/tr><tr><td>71<\/td><td>Coutras sur M27<\/td><td>Pommier<\/td><td>Labyrinthe c\u00f4t\u00e9 Est<\/td><\/tr><tr><td>72<\/td><td>Charam sur M27<\/td><td>Pommier<\/td><td>Labyrinthe c\u00f4t\u00e9 Est<\/td><\/tr><tr><td>73<\/td><td>N\u00e9fier de Lodes sur cognassier<\/td><td>N\u00e9flier<\/td><td>Labyrinthe c\u00f4t\u00e9 Est<\/td><\/tr><tr><td>190<\/td><td>Poire Cur\u00e9 sur Quitte A<\/td><td>Poirier<\/td><td>Labyrinthe c\u00f4t\u00e9 Est<\/td><\/tr><tr><td>74<\/td><td>Belle de Mai sur M27<\/td><td>Pommier<\/td><td>Labyrinthe c\u00f4t\u00e9 Est<\/td><\/tr><tr><td>75<\/td><td>Royale de Montauban sur Wavit<\/td><td>Prunier<\/td><td>Labyrinthe c\u00f4t\u00e9 Est<\/td><\/tr><tr><td>76<\/td><td>Choureau sur M27<\/td><td>Pommier<\/td><td>Labyrinthe c\u00f4t\u00e9 Est<\/td><\/tr><tr><td>191<\/td><td>Belle de Mai sur M9<\/td><td>Pommier<\/td><td>Labyrinthe c\u00f4t\u00e9 Est<\/td><\/tr><tr><td>77<\/td><td>Rambour d\u2019hiver sur M27<\/td><td>Pommier<\/td><td>Labyrinthe c\u00f4t\u00e9 Est<\/td><\/tr><tr><td>78<\/td><td>Poirier de la gare de Salies sur Quitte A<\/td><td>Poirier<\/td><td>Labyrinthe c\u00f4t\u00e9 Est<\/td><\/tr><tr><td>79<\/td><td>Secretau jaune sur Wavit<\/td><td>Prunier<\/td><td>Labyrinthe c\u00f4t\u00e9 Est<\/td><\/tr><tr><td>80<\/td><td>Poire citron sur Pyrodwarf<\/td><td>Poirier<\/td><td>Labyrinthe c\u00f4t\u00e9 Est<\/td><\/tr><tr><td>81<\/td><td>Camino sur M27<\/td><td>Pommier<\/td><td>Labyrinthe c\u00f4t\u00e9 Est<\/td><\/tr><tr><td>82<\/td><td>Geisshirtle sur Quitte A<\/td><td>Poirier<\/td><td>Labyrinthe sud<\/td><\/tr><tr><td>83<\/td><td>Pomme des Malades sur M27<\/td><td>Pommier<\/td><td>Labyrinthe sud<\/td><\/tr><tr><td>84<\/td><td>Ixtassou sur Gisela<\/td><td>Cerisier<\/td><td>Labyrinthe sud<\/td><\/tr><tr><td>85<\/td><td>Patte de Loup sur M27<\/td><td>Pommier<\/td><td>Labyrinthe sud<\/td><\/tr><tr><td>86<\/td><td>Carabille sur M27<\/td><td>Pommier<\/td><td>Labyrinthe sud<\/td><\/tr><tr><td>87<\/td><td>Golden Delicious sur M9<\/td><td>Pommier<\/td><td>Labyrinthe sud<\/td><\/tr><tr><td>88<\/td><td>Museau de Li\u00e8vre de la Barousse (\u00e9tude) sur M27<\/td><td>Pommier<\/td><td>Labyrinthe sud<\/td><\/tr><tr><td>89<\/td><td>Gris Baudet sur M9<\/td><td>Pommier<\/td><td>Labyrinthe sud<\/td><\/tr><tr><td>90<\/td><td>Gris Baudet sur M27<\/td><td>Pommier<\/td><td>Labyrinthe sud<\/td><\/tr><tr><td>193<\/td><td>Sainte Germaine sur M9<\/td><td>Pommier<\/td><td>Labyrinthe sud<\/td><\/tr><tr><td>91<\/td><td>B\u00e9n\u00e9dictin sur M27<\/td><td>Pommier<\/td><td>Labyrinthe sud<\/td><\/tr><tr><td>92<\/td><td>P\u00e9routel sur Pyrodwarf<\/td><td>Poirier<\/td><td>Labyrinthe ouest<\/td><\/tr><tr><td>93<\/td><td>Palmischbirne sur Quitte A<\/td><td>Poirier<\/td><td>Labyrinthe ouest<\/td><\/tr><tr><td>94<\/td><td>Calville rouge d&rsquo;automne sur M27<\/td><td>Pommier<\/td><td>Labyrinthe ouest<\/td><\/tr><tr><td>95<\/td><td>Belle fleur jaune sur M27<\/td><td>Pommier<\/td><td>Labyrinthe ouest<\/td><\/tr><tr><td>96<\/td><td>Princesse<\/td><td>Amandier<\/td><td>Labyrinthe ouest<\/td><\/tr><tr><td>97<\/td><td>Pomme Taupe sur M27<\/td><td>Pommier<\/td><td>Labyrinthe ouest<\/td><\/tr><tr><td>98<\/td><td>Ang\u00e9lique sur M27<\/td><td>Pommier<\/td><td>Labyrinthe ouest<\/td><\/tr><tr><td>194<\/td><td><em>Poire d&rsquo;Auch sur Quitte A (mort 2025-26)<\/em><\/td><td>Poirier<\/td><td>Labyrinthe ouest<\/td><\/tr><tr><td>99<\/td><td>Pomme coing sur M27<\/td><td>Pommier<\/td><td>Labyrinthe ouest<\/td><\/tr><tr><td>100<\/td><td>Blanche pr\u00e9coce sur Maxma<\/td><td>Cerisier<\/td><td>Labyrinthe ouest<\/td><\/tr><tr><td>101<\/td><td>Pomme Ch\u00e2taignier sur M27<\/td><td>Pommier<\/td><td>Labyrinthe ouest<\/td><\/tr><tr><td>102<\/td><td>Saint Jean (Barthoux) sur Pyrodwarf<\/td><td>Poirier<\/td><td>Labyrinthe ouest<\/td><\/tr><tr><td>103<\/td><td>Blanche de Sengouagnet sur M27<\/td><td>Pommier<\/td><td>Labyrinthe ouest<\/td><\/tr><tr><td>195<\/td><td>Blanche d&rsquo;Espagne sur M9<\/td><td>Pommier<\/td><td>Labyrinthe ouest<\/td><\/tr><tr><td>104<\/td><td>Pomme Orange sur M27<\/td><td>Pommier<\/td><td>Labyrinthe ouest<\/td><\/tr><tr><td>196<\/td><td>Museau de Li\u00e8vre jaune d&rsquo;His sur M27<\/td><td>Pommier<\/td><td>Labyrinthe ouest<\/td><\/tr><tr><td>105<\/td><td>Centrou sur M27<\/td><td>Pommier<\/td><td>Labyrinthe ouest<\/td><\/tr><tr><td>106<\/td><td>Trompe Geai sur Maxma<\/td><td>Cerisier<\/td><td>Labyrinthe ouest<\/td><\/tr><tr><td>107<\/td><td>Reinette du Comminges sur M27<\/td><td>Pommier<\/td><td>Labyrinthe ouest<\/td><\/tr><tr><td>108<\/td><td>Epine du Mas sur Cognassier<\/td><td>Poirier<\/td><td>Labyrinthe ouest<\/td><\/tr><tr><td>109<\/td><td>Estelle sur M9<\/td><td>Pommier<\/td><td>Labyrinthe ouest<\/td><\/tr><tr><td>110<\/td><td>Jos\u00e9phine de Malines sur Cognassier<\/td><td>Poirier<\/td><td>Labyrinthe ouest<\/td><\/tr><tr><td>111<\/td><td>Saint Jean sur Cognassier<\/td><td>Poirier<\/td><td>Labyrinthe ouest<\/td><\/tr><tr><td>112<\/td><td>Geisshirtle sur Cognassier<\/td><td>Poirier<\/td><td>Labyrinthe ouest<\/td><\/tr><tr><td>113<\/td><td><\/td><td><\/td><td><\/td><\/tr><tr><td>114<\/td><td>Pomme du Kazakhstan<\/td><td>Poirier<\/td><td>Labyrinthe ouest<\/td><\/tr><tr><td>115<\/td><td>Api noire sur M27<\/td><td>Pommier<\/td><td>Labyrinthe ouest<\/td><\/tr><tr><td>116<\/td><td>Api noire sur M27<\/td><td>Pommier<\/td><td>Labyrinthe ouest<\/td><\/tr><tr><td>117<\/td><td>Pomme d\u2019\u00e9t\u00e9 de Maler sur M27<\/td><td>Pommier<\/td><td>Labyrinthe nord<\/td><\/tr><tr><td>118<\/td><td>Rubira (semis)<\/td><td>P\u00eacher<\/td><td>Labyrinthe nord<\/td><\/tr><tr><td>119<\/td><td>Burgan sur M27<\/td><td>Pommier<\/td><td>Labyrinthe nord<\/td><\/tr><tr><td>120<\/td><td>Boutoc sur Cognassier<\/td><td>Poire<\/td><td>Labyrinthe nord<\/td><\/tr><tr><td>121<\/td><td>Pomme de Tr\u00e9bons (Etienne) sur M27<\/td><td>Pommier<\/td><td>Labyrinthe nord<\/td><\/tr><tr><td>122<\/td><td>Pay Bou sur M9<\/td><td>Pommier<\/td><td>Labyrinthe nord<\/td><\/tr><tr><td>197<\/td><td>Plat\u00eate sur M27<\/td><td>Pommier<\/td><td>Labyrinthe nord<\/td><\/tr><tr><td>123<\/td><td>Amourette sur Maxma<\/td><td>Cerisier<\/td><td>Labyrinthe nord<\/td><\/tr><tr><td>124<\/td><td><a href=\"https:\/\/clos-saint-genest.fr\/?p=1324\">Poncirus trifolia Dragon Fly (Citron \u00e9pineux)<\/a><\/td><td>Agrume<\/td><td>Labyrinthe nord<\/td><\/tr><tr><td>125<\/td><td>Tarquin des Pyr\u00e9n\u00e9es sur Quitte A<\/td><td>Poirier<\/td><td>Labyrinthe nord<\/td><\/tr><tr><td>126<\/td><td>Pommier fleurs &lsquo;Profusion&rsquo; <\/td><td>Pommier<\/td><td>Labyrinthe centre<\/td><\/tr><tr><td>127<\/td><td>Pommier de L\u00e9cussan&nbsp;(\u00e9tude)<\/td><td>Pommier<\/td><td>Labyrinthe nord<\/td><\/tr><tr><td>128<\/td><td>Peytich\u00e8ne sur M27 (\u00e9tude)<\/td><td>Pommier<\/td><td>Labyrinthe centre<\/td><\/tr><tr><td>129<\/td><td><em>P\u00eacher (semis) arrach\u00e9 2026<\/em><\/td><td>P\u00eacher<\/td><td>Labyrinthe centre<\/td><\/tr><tr><td>130<\/td><td>Belle de Boskoop sur M27<\/td><td>Pommier<\/td><td>Labyrinthe centre<\/td><\/tr><tr><td>131<\/td><td>Pommier fleurs &lsquo;Perpetu Everest&rsquo; sur M27<\/td><td>Pommier<\/td><td>Labyrinthe centre<\/td><\/tr><tr><td>132<\/td><td>Prune de Bonnefont sur Myroboloan<\/td><td>Prunier<\/td><td>Haie fruiti\u00e8re<\/td><\/tr><tr><td>133<\/td><td>S\u00fclibirne sur Cognassier<\/td><td>Poire<\/td><td>Haie fruiti\u00e8re<\/td><\/tr><tr><td>134<\/td><td>S\u00fclibirne sur Cognassier<\/td><td>Poire<\/td><td>Haie fruiti\u00e8re<\/td><\/tr><tr><td>135<\/td><td>Cognassier (greff\u00e9)<\/td><td>Cognassier<\/td><td>Haie fruiti\u00e8re<\/td><\/tr><tr><td>136<\/td><td>\u0152il Gros sur M106<\/td><td>Pommier<\/td><td>Haie fruiti\u00e8re<\/td><\/tr><tr><td>137<\/td><td>Reinette Clochard sur M106&nbsp;remplac\u00e9 en 2024-25<\/td><td>Pommier<\/td><td>Haie fruiti\u00e8re<\/td><\/tr><tr><td>138<\/td><td><em>Oeil Gros sur M106 (mort 2024-25)<\/em> &gt; Mirabelle<\/td><td>Pommier<\/td><td>Haie fruiti\u00e8re<\/td><\/tr><tr><td>139<\/td><td>Nashi Shinco sur Poirier franc<\/td><td>Nashi<\/td><td>Haie fruiti\u00e8re<\/td><\/tr><tr><td>140<\/td><td>Poire de Bollwiller (x sorbopyrus auricularis)<\/td><td>Sorbier<\/td><td>Haie fruiti\u00e8re<\/td><\/tr><tr><td>141<\/td><td>Cerisier de la Toussaint sur Merisier<\/td><td>Cerisier<\/td><td>Haie fruiti\u00e8re<\/td><\/tr><tr><td>142<\/td><td>Palmischbirne sur Cognassier<\/td><td>Poirier<\/td><td>Haie fruiti\u00e8re<\/td><\/tr><tr><td>143<\/td><td>Prune Abricot<\/td><td>Prunier<\/td><td>Haie fruiti\u00e8re<\/td><\/tr><tr><td>144<\/td><td><a href=\"https:\/\/clos-saint-genest.fr\/?p=1296\">USA 119 (144)<\/a><\/td><td>Agrume<\/td><td>Patio<\/td><\/tr><tr><td>145<\/td><td><a href=\"https:\/\/clos-saint-genest.fr\/?p=1298\">Citrange Morton (145)<\/a><\/td><td>Agrume<\/td><td>Patio<\/td><\/tr><tr><td>146<\/td><td><a href=\"https:\/\/clos-saint-genest.fr\/?p=1301\">Cara cara (146)<\/a><\/td><td>Agrume<\/td><td>Patio<\/td><\/tr><tr><td>147<\/td><td><a href=\"https:\/\/clos-saint-genest.fr\/?p=1303\">Keradji (147)<\/a><\/td><td>Agrume<\/td><td>Patio<\/td><\/tr><tr><td>148<\/td><td><a href=\"https:\/\/clos-saint-genest.fr\/?p=1305\">Eremorange (148)<\/a><\/td><td>Agrume<\/td><td>Patio<\/td><\/tr><tr><td>149<\/td><td><a href=\"https:\/\/clos-saint-genest.fr\/?p=1307\">Changsa (149)<\/a><\/td><td>Agrume<\/td><td>Patio<\/td><\/tr><tr><td>150<\/td><td><a href=\"https:\/\/clos-saint-genest.fr\/?p=1309\">Orangequat Thomasville (150)<\/a><\/td><td>Agrume<\/td><td>Patio<\/td><\/tr><tr><td>151<\/td><td><a href=\"https:\/\/clos-saint-genest.fr\/?p=1312\">Orangequat \u201946\u2019 (151)<\/a><\/td><td>Agrume<\/td><td>Patio<\/td><\/tr><tr><td>152<\/td><td><a href=\"https:\/\/clos-saint-genest.fr\/?p=1314\">fort x meiwa sra \u2018711\u2019 (152)<\/a><\/td><td>Agrume<\/td><td>Patio<\/td><\/tr><tr><td>153<\/td><td><a href=\"https:\/\/clos-saint-genest.fr\/?p=1316\">Yuzu 1 (153)<\/a><\/td><td>Agrume<\/td><td>Patio<\/td><\/tr><tr><td>154<\/td><td><a href=\"https:\/\/clos-saint-genest.fr\/?p=1318\">Walker (154)<\/a><\/td><td>Agrume<\/td><td>Patio<\/td><\/tr><tr><td>155<\/td><td><a href=\"https:\/\/clos-saint-genest.fr\/?p=1320\">Yuzu 3 (155)<\/a><\/td><td>Agrume<\/td><td>Patio<\/td><\/tr><tr><td>156<\/td><td>? \/ M27<\/td><td>Pommier<\/td><td>Labyrinthe c\u00f4t\u00e9 Est<\/td><\/tr><tr><td>157<\/td><td><em>Poirier colonnaire sur Cognassier ???<\/em><\/td><td>Poirier<\/td><td>Labyrinthe ouest<\/td><\/tr><tr><td>160<\/td><td>Rouge d&rsquo;\u00e9t\u00e9 de Mane sur M9<\/td><td>Pommier<\/td><td>Hexagone 1<\/td><\/tr><tr><td>161<\/td><td>Rambour d&rsquo;automne sur M9<\/td><td>Pommier<\/td><td>Hexagone 1<\/td><\/tr><tr><td>163<\/td><td>P\u00e9routel sur Cognassier<\/td><td>Poirier<\/td><td>Hexagone 2<\/td><\/tr><tr><td>164<\/td><td><em>Tarquin sur Quitte A mort 2026<\/em><\/td><td>Poirier<\/td><td>Hexagone 2<\/td><\/tr><tr><td>165<\/td><td><\/td><td>Poirier<\/td><td>Hexagone 2<\/td><\/tr><tr><td>166<\/td><td>Madame Vert\u00e9 sur Cognassier<\/td><td>Poirier<\/td><td>Hexagone 2<\/td><\/tr><tr><td>167<\/td><td>Poire Cur\u00e9 sur Quitte A<\/td><td>Poirier<\/td><td>Hexagone 2<\/td><\/tr><tr><td>168<\/td><td>Transparente de Croncels sur M9<\/td><td>Pommier<\/td><td>Hexagone 3<\/td><\/tr><tr><td>169<\/td><td>Calville rouge d&rsquo;automne sur M9<\/td><td>Pommier<\/td><td>Hexagone 3<\/td><\/tr><tr><td>170<\/td><td>Pomme de Mauvezin sur M9<\/td><td>Pommier<\/td><td>Hexagone 3<\/td><\/tr><tr><td>171<\/td><td>Qu\u00e9rina sur M9<\/td><td>Pommier<\/td><td>Hexagone 3<\/td><\/tr><tr><td>172<\/td><td>Blanche d&rsquo;Espagne sur M9<\/td><td>Pommier<\/td><td>Hexagone 3<\/td><\/tr><tr><td>174<\/td><td>Api \u00e9toil\u00e9 sur M9<\/td><td>Pommier<\/td><td>Hexagone 4<\/td><\/tr><tr><td>175<\/td><td>Apion sur M9<\/td><td>Pommier<\/td><td>Hexagone 4<\/td><\/tr><tr><td>184<\/td><td>Pomme de Montastruc sur M9<\/td><td>Pommier<\/td><td>Hexagone 6<\/td><\/tr><tr><td>185<\/td><td>Chantecler sur M9<\/td><td>Pommier<\/td><td>Hexagone 6<\/td><\/tr><\/tbody><\/table><\/figure>\n\n\n\n<p>Plantation de diff\u00e9rents exemplaires de museaux de li\u00e8vre 2025-2026 (voir <a href=\"https:\/\/www.les-vergers-retrouves-du-comminges.org\/histoire\/enquete-sur-le-gros-museau-de-lievre-dalos\/\">\u00e9tude<\/a>) autour du grenadier : <\/p>\n\n\n\n<ul class=\"wp-block-list\">\n<li>Museau de li\u00e8vre d&rsquo;Alos (greffon issu du Verger Tiocan N\u00b0 215)<\/li>\n\n\n\n<li>Museau de li\u00e8vre d&rsquo;Alos (greffon issu du Verger Tiocan N\u00b0 38)<\/li>\n\n\n\n<li>Museau de li\u00e8vre d&rsquo;Alos (greffon ari\u00e9geois)<\/li>\n\n\n\n<li>Museau de li\u00e8vre allong\u00e9 et stri\u00e9 (M. Bar\u00e8s)<\/li>\n\n\n\n<li>88 : Museau de li\u00e8vre de la Barousse<\/li>\n<\/ul>\n","protected":false},"excerpt":{"rendered":"<p>Une partie de la collection des Vergers retrouv\u00e9s du Comminges (plus d&rsquo;infos) 1 Tamarillo Solanum Serre 2 Citron \u2018Combava\u2019&nbsp; Agrume Serre 3 Citron Meyer Agrume Serre 4 Lime de Tahiti&nbsp; Agrume Serre 5 Oranger Agrume Serre 6 Citrus jambhiri \u2013 citron rugueux rustique Agrume Serre 7 Pomme de Mauvezin sur M9 Pommier Haie Fran\u00e7oise 8 [&hellip;]<\/p>\n","protected":false},"author":1,"featured_media":0,"parent":0,"menu_order":0,"comment_status":"closed","ping_status":"closed","template":"","meta":{"footnotes":""},"class_list":["post-1278","page","type-page","status-publish","hentry"],"_links":{"self":[{"href":"https:\/\/clos-saint-genest.fr\/index.php?rest_route=\/wp\/v2\/pages\/1278","targetHints":{"allow":["GET"]}}],"collection":[{"href":"https:\/\/clos-saint-genest.fr\/index.php?rest_route=\/wp\/v2\/pages"}],"about":[{"href":"https:\/\/clos-saint-genest.fr\/index.php?rest_route=\/wp\/v2\/types\/page"}],"author":[{"embeddable":true,"href":"https:\/\/clos-saint-genest.fr\/index.php?rest_route=\/wp\/v2\/users\/1"}],"replies":[{"embeddable":true,"href":"https:\/\/clos-saint-genest.fr\/index.php?rest_route=%2Fwp%2Fv2%2Fcomments&post=1278"}],"version-history":[{"count":20,"href":"https:\/\/clos-saint-genest.fr\/index.php?rest_route=\/wp\/v2\/pages\/1278\/revisions"}],"predecessor-version":[{"id":2552,"href":"https:\/\/clos-saint-genest.fr\/index.php?rest_route=\/wp\/v2\/pages\/1278\/revisions\/2552"}],"wp:attachment":[{"href":"https:\/\/clos-saint-genest.fr\/index.php?rest_route=%2Fwp%2Fv2%2Fmedia&parent=1278"}],"curies":[{"name":"wp","href":"https:\/\/api.w.org\/{rel}","templated":true}]}}