{"id":1831,"date":"2023-09-21T10:00:58","date_gmt":"2023-09-21T10:00:58","guid":{"rendered":"https:\/\/clos-saint-genest.fr\/?page_id=1831"},"modified":"2025-03-21T09:59:52","modified_gmt":"2025-03-21T09:59:52","slug":"les-vergers-retrouves-du-comminges","status":"publish","type":"page","link":"https:\/\/clos-saint-genest.fr\/?page_id=1831","title":{"rendered":"Les Vergers retrouv\u00e9s du Comminges"},"content":{"rendered":"<div class=\"pdfprnt-buttons pdfprnt-buttons-page pdfprnt-top-right\"><a href=\"https:\/\/clos-saint-genest.fr\/index.php?rest_route=%2Fwp%2Fv2%2Fpages%2F1831&print=pdf\" class=\"pdfprnt-button pdfprnt-button-pdf\" target=\"_blank\" ><img decoding=\"async\" src=\"https:\/\/clos-saint-genest.fr\/wp-content\/plugins\/pdf-print\/images\/pdf.png\" alt=\"image_pdf\" title=\"Afficher le PDF\" \/><\/a><a href=\"https:\/\/clos-saint-genest.fr\/index.php?rest_route=%2Fwp%2Fv2%2Fpages%2F1831&print=print\" class=\"pdfprnt-button pdfprnt-button-print\" target=\"_blank\" ><img decoding=\"async\" src=\"https:\/\/clos-saint-genest.fr\/wp-content\/plugins\/pdf-print\/images\/print.png\" alt=\"image_print\" title=\"Contenu imprim\u00e9\" \/><\/a><\/div>\n<p>Une <a href=\"https:\/\/www.les-vergers-retrouves-du-comminges.org\/\">association de sauvegarde du patrimoine fruitier local<\/a> dont nous sommes membres depuis de sa cr\u00e9ation en 1999. Une grande partie des vari\u00e9t\u00e9s fruiti\u00e8res retrouv\u00e9es et \u00e9tudi\u00e9es par l&rsquo;association sont pr\u00e9sentes au jardin, qui sert pour partie \u00e0 la ressource en greffons, lieu de stages&#8230;.<\/p>\n\n\n\n<figure class=\"wp-block-gallery has-nested-images columns-default is-cropped wp-block-gallery-1 is-layout-flex wp-block-gallery-is-layout-flex\">\n<figure class=\"wp-block-image size-large\"><img loading=\"lazy\" decoding=\"async\" width=\"500\" height=\"333\" data-id=\"1834\" src=\"http:\/\/clos-saint-genest.fr\/wp-content\/uploads\/2023\/09\/greffage-2020.jpg\" alt=\"\" class=\"wp-image-1834\" srcset=\"https:\/\/clos-saint-genest.fr\/wp-content\/uploads\/2023\/09\/greffage-2020.jpg 500w, https:\/\/clos-saint-genest.fr\/wp-content\/uploads\/2023\/09\/greffage-2020-300x200.jpg 300w, https:\/\/clos-saint-genest.fr\/wp-content\/uploads\/2023\/09\/greffage-2020-1x1.jpg 1w\" sizes=\"auto, (max-width: 500px) 100vw, 500px\" \/><figcaption class=\"wp-element-caption\">arbres en p\u00e9pini\u00e8re<\/figcaption><\/figure>\n\n\n\n<figure class=\"wp-block-image size-large\"><img loading=\"lazy\" decoding=\"async\" width=\"400\" height=\"266\" data-id=\"1833\" src=\"http:\/\/clos-saint-genest.fr\/wp-content\/uploads\/2023\/09\/stage-greffage.jpg\" alt=\"\" class=\"wp-image-1833\" srcset=\"https:\/\/clos-saint-genest.fr\/wp-content\/uploads\/2023\/09\/stage-greffage.jpg 400w, https:\/\/clos-saint-genest.fr\/wp-content\/uploads\/2023\/09\/stage-greffage-300x200.jpg 300w, https:\/\/clos-saint-genest.fr\/wp-content\/uploads\/2023\/09\/stage-greffage-1x1.jpg 1w\" sizes=\"auto, (max-width: 400px) 100vw, 400px\" \/><figcaption class=\"wp-element-caption\">stage de greffage<\/figcaption><\/figure>\n<\/figure>\n","protected":false},"excerpt":{"rendered":"<p>Une association de sauvegarde du patrimoine fruitier local dont nous sommes membres depuis de sa cr\u00e9ation en 1999. Une grande partie des vari\u00e9t\u00e9s fruiti\u00e8res retrouv\u00e9es et \u00e9tudi\u00e9es par l&rsquo;association sont pr\u00e9sentes au jardin, qui sert pour partie \u00e0 la ressource en greffons, lieu de stages&#8230;.<\/p>\n","protected":false},"author":1,"featured_media":0,"parent":1815,"menu_order":0,"comment_status":"closed","ping_status":"closed","template":"","meta":{"footnotes":""},"class_list":["post-1831","page","type-page","status-publish","hentry"],"_links":{"self":[{"href":"https:\/\/clos-saint-genest.fr\/index.php?rest_route=\/wp\/v2\/pages\/1831","targetHints":{"allow":["GET"]}}],"collection":[{"href":"https:\/\/clos-saint-genest.fr\/index.php?rest_route=\/wp\/v2\/pages"}],"about":[{"href":"https:\/\/clos-saint-genest.fr\/index.php?rest_route=\/wp\/v2\/types\/page"}],"author":[{"embeddable":true,"href":"https:\/\/clos-saint-genest.fr\/index.php?rest_route=\/wp\/v2\/users\/1"}],"replies":[{"embeddable":true,"href":"https:\/\/clos-saint-genest.fr\/index.php?rest_route=%2Fwp%2Fv2%2Fcomments&post=1831"}],"version-history":[{"count":2,"href":"https:\/\/clos-saint-genest.fr\/index.php?rest_route=\/wp\/v2\/pages\/1831\/revisions"}],"predecessor-version":[{"id":2339,"href":"https:\/\/clos-saint-genest.fr\/index.php?rest_route=\/wp\/v2\/pages\/1831\/revisions\/2339"}],"up":[{"embeddable":true,"href":"https:\/\/clos-saint-genest.fr\/index.php?rest_route=\/wp\/v2\/pages\/1815"}],"wp:attachment":[{"href":"https:\/\/clos-saint-genest.fr\/index.php?rest_route=%2Fwp%2Fv2%2Fmedia&parent=1831"}],"curies":[{"name":"wp","href":"https:\/\/api.w.org\/{rel}","templated":true}]}}